{"id":793,"date":"2025-12-15T08:39:12","date_gmt":"2025-12-15T07:39:12","guid":{"rendered":"https:\/\/haizytiles.reinerstilesets.de\/?page_id=793"},"modified":"2026-03-30T08:53:03","modified_gmt":"2026-03-30T06:53:03","slug":"e-books","status":"publish","type":"page","link":"https:\/\/haizytiles.reinerstilesets.de\/index.php\/e-books\/","title":{"rendered":"E-Books"},"content":{"rendered":"\t\t<div data-elementor-type=\"wp-page\" data-elementor-id=\"793\" class=\"elementor elementor-793\">\n\t\t\t\t<div class=\"elementor-element elementor-element-43c109e e-flex e-con-boxed e-con e-parent\" data-id=\"43c109e\" data-element_type=\"container\" data-e-type=\"container\">\n\t\t\t\t\t<div class=\"e-con-inner\">\n\t\t\t\t<div class=\"elementor-element elementor-element-49becc8 elementor-widget elementor-widget-text-editor\" data-id=\"49becc8\" data-element_type=\"widget\" data-e-type=\"widget\" data-widget_type=\"text-editor.default\">\n\t\t\t\t\t\t\t\t\t<p>This section is about my e-books<\/p>\t\t\t\t\t\t\t\t<\/div>\n\t\t\t\t\t<\/div>\n\t\t\t\t<\/div>\n\t\t<div class=\"elementor-element elementor-element-357ecb2 e-flex e-con-boxed e-con e-parent\" data-id=\"357ecb2\" data-element_type=\"container\" data-e-type=\"container\">\n\t\t\t\t\t<div class=\"e-con-inner\">\n\t\t<div class=\"elementor-element elementor-element-dfe56ac e-con-full e-flex e-con e-child\" data-id=\"dfe56ac\" data-element_type=\"container\" data-e-type=\"container\">\n\t\t\t\t<div class=\"elementor-element elementor-element-468e0f5 e-transform e-transform elementor-widget elementor-widget-image\" data-id=\"468e0f5\" data-element_type=\"widget\" data-e-type=\"widget\" data-settings=\"{&quot;_transform_scaleX_effect_hover&quot;:{&quot;unit&quot;:&quot;px&quot;,&quot;size&quot;:1.5,&quot;sizes&quot;:[]},&quot;_transform_scaleY_effect_hover&quot;:{&quot;unit&quot;:&quot;px&quot;,&quot;size&quot;:1.5,&quot;sizes&quot;:[]},&quot;_transform_scale_effect&quot;:{&quot;unit&quot;:&quot;px&quot;,&quot;size&quot;:&quot;&quot;,&quot;sizes&quot;:[]},&quot;_transform_scale_effect_tablet&quot;:{&quot;unit&quot;:&quot;px&quot;,&quot;size&quot;:&quot;&quot;,&quot;sizes&quot;:[]},&quot;_transform_scale_effect_mobile&quot;:{&quot;unit&quot;:&quot;px&quot;,&quot;size&quot;:&quot;&quot;,&quot;sizes&quot;:[]},&quot;_transform_scaleX_effect_hover_tablet&quot;:{&quot;unit&quot;:&quot;px&quot;,&quot;size&quot;:&quot;&quot;,&quot;sizes&quot;:[]},&quot;_transform_scaleX_effect_hover_mobile&quot;:{&quot;unit&quot;:&quot;px&quot;,&quot;size&quot;:&quot;&quot;,&quot;sizes&quot;:[]},&quot;_transform_scaleY_effect_hover_tablet&quot;:{&quot;unit&quot;:&quot;px&quot;,&quot;size&quot;:&quot;&quot;,&quot;sizes&quot;:[]},&quot;_transform_scaleY_effect_hover_mobile&quot;:{&quot;unit&quot;:&quot;px&quot;,&quot;size&quot;:&quot;&quot;,&quot;sizes&quot;:[]}}\" data-widget_type=\"image.default\">\n\t\t\t\t\t\t\t\t\t\t\t\t\t\t\t\t<a href=\"#carrerchanger\">\n\t\t\t\t\t\t\t<img fetchpriority=\"high\" decoding=\"async\" width=\"768\" height=\"1024\" src=\"https:\/\/haizytiles.reinerstilesets.de\/wp-content\/uploads\/2025\/12\/cover-englisch-768x1024.jpg\" class=\"attachment-large size-large wp-image-770\" alt=\"\" srcset=\"https:\/\/haizytiles.reinerstilesets.de\/wp-content\/uploads\/2025\/12\/cover-englisch-768x1024.jpg 768w, https:\/\/haizytiles.reinerstilesets.de\/wp-content\/uploads\/2025\/12\/cover-englisch-225x300.jpg 225w, https:\/\/haizytiles.reinerstilesets.de\/wp-content\/uploads\/2025\/12\/cover-englisch.jpg 900w\" sizes=\"(max-width: 768px) 100vw, 768px\" \/>\t\t\t\t\t\t\t\t<\/a>\n\t\t\t\t\t\t\t\t\t\t\t\t\t\t\t<\/div>\n\t\t\t\t<\/div>\n\t\t<div class=\"elementor-element elementor-element-82098c3 e-con-full e-flex e-con e-child\" data-id=\"82098c3\" data-element_type=\"container\" data-e-type=\"container\">\n\t\t\t\t<div class=\"elementor-element elementor-element-5291ad2 e-transform elementor-widget elementor-widget-image\" data-id=\"5291ad2\" data-element_type=\"widget\" data-e-type=\"widget\" data-settings=\"{&quot;_transform_scaleX_effect_hover&quot;:{&quot;unit&quot;:&quot;px&quot;,&quot;size&quot;:1.5,&quot;sizes&quot;:[]},&quot;_transform_scaleY_effect_hover&quot;:{&quot;unit&quot;:&quot;px&quot;,&quot;size&quot;:1.5,&quot;sizes&quot;:[]},&quot;_transform_scaleX_effect_hover_tablet&quot;:{&quot;unit&quot;:&quot;px&quot;,&quot;size&quot;:&quot;&quot;,&quot;sizes&quot;:[]},&quot;_transform_scaleX_effect_hover_mobile&quot;:{&quot;unit&quot;:&quot;px&quot;,&quot;size&quot;:&quot;&quot;,&quot;sizes&quot;:[]},&quot;_transform_scaleY_effect_hover_tablet&quot;:{&quot;unit&quot;:&quot;px&quot;,&quot;size&quot;:&quot;&quot;,&quot;sizes&quot;:[]},&quot;_transform_scaleY_effect_hover_mobile&quot;:{&quot;unit&quot;:&quot;px&quot;,&quot;size&quot;:&quot;&quot;,&quot;sizes&quot;:[]}}\" data-widget_type=\"image.default\">\n\t\t\t\t\t\t\t\t\t\t\t\t\t\t\t\t<a href=\"#quereinsteiger\">\n\t\t\t\t\t\t\t<img decoding=\"async\" width=\"768\" height=\"1024\" src=\"https:\/\/haizytiles.reinerstilesets.de\/wp-content\/uploads\/2025\/12\/cover-german-768x1024.jpg\" class=\"attachment-large size-large wp-image-819\" alt=\"\" srcset=\"https:\/\/haizytiles.reinerstilesets.de\/wp-content\/uploads\/2025\/12\/cover-german-768x1024.jpg 768w, https:\/\/haizytiles.reinerstilesets.de\/wp-content\/uploads\/2025\/12\/cover-german-225x300.jpg 225w, https:\/\/haizytiles.reinerstilesets.de\/wp-content\/uploads\/2025\/12\/cover-german.jpg 900w\" sizes=\"(max-width: 768px) 100vw, 768px\" \/>\t\t\t\t\t\t\t\t<\/a>\n\t\t\t\t\t\t\t\t\t\t\t\t\t\t\t<\/div>\n\t\t\t\t<\/div>\n\t\t<div class=\"elementor-element elementor-element-7c54455 e-con-full e-flex e-con e-child\" data-id=\"7c54455\" data-element_type=\"container\" data-e-type=\"container\">\n\t\t\t\t<\/div>\n\t\t<div class=\"elementor-element elementor-element-7d5059d e-con-full e-flex e-con e-child\" data-id=\"7d5059d\" data-element_type=\"container\" data-e-type=\"container\">\n\t\t\t\t<\/div>\n\t\t<div class=\"elementor-element elementor-element-b0b52ae e-con-full e-flex e-con e-child\" data-id=\"b0b52ae\" data-element_type=\"container\" data-e-type=\"container\">\n\t\t\t\t<\/div>\n\t\t\t\t\t<\/div>\n\t\t\t\t<\/div>\n\t\t<div class=\"elementor-element elementor-element-1b99629 e-flex e-con-boxed e-con e-parent\" data-id=\"1b99629\" data-element_type=\"container\" data-e-type=\"container\">\n\t\t\t\t\t<div class=\"e-con-inner\">\n\t\t\t\t<div class=\"elementor-element elementor-element-61c8883 elementor-widget elementor-widget-menu-anchor\" data-id=\"61c8883\" data-element_type=\"widget\" data-e-type=\"widget\" data-widget_type=\"menu-anchor.default\">\n\t\t\t\t\t\t\t<div class=\"elementor-menu-anchor\" id=\"carrerchanger\"><\/div>\n\t\t\t\t\t\t<\/div>\n\t\t\t\t\t<\/div>\n\t\t\t\t<\/div>\n\t\t<div class=\"elementor-element elementor-element-1f6d8df e-flex e-con-boxed e-con e-parent\" data-id=\"1f6d8df\" data-element_type=\"container\" data-e-type=\"container\">\n\t\t\t\t\t<div class=\"e-con-inner\">\n\t\t<div class=\"elementor-element elementor-element-327455b e-con-full e-flex e-con e-child\" data-id=\"327455b\" data-element_type=\"container\" data-e-type=\"container\">\n\t\t\t\t<div class=\"elementor-element elementor-element-95cfb29 elementor-widget elementor-widget-image\" data-id=\"95cfb29\" data-element_type=\"widget\" data-e-type=\"widget\" data-widget_type=\"image.default\">\n\t\t\t\t\t\t\t\t\t\t\t\t\t\t\t<img fetchpriority=\"high\" decoding=\"async\" width=\"768\" height=\"1024\" src=\"https:\/\/haizytiles.reinerstilesets.de\/wp-content\/uploads\/2025\/12\/cover-englisch-768x1024.jpg\" class=\"attachment-large size-large wp-image-770\" alt=\"\" srcset=\"https:\/\/haizytiles.reinerstilesets.de\/wp-content\/uploads\/2025\/12\/cover-englisch-768x1024.jpg 768w, https:\/\/haizytiles.reinerstilesets.de\/wp-content\/uploads\/2025\/12\/cover-englisch-225x300.jpg 225w, https:\/\/haizytiles.reinerstilesets.de\/wp-content\/uploads\/2025\/12\/cover-englisch.jpg 900w\" sizes=\"(max-width: 768px) 100vw, 768px\" \/>\t\t\t\t\t\t\t\t\t\t\t\t\t\t\t<\/div>\n\t\t\t\t<\/div>\n\t\t<div class=\"elementor-element elementor-element-b83a3d9 e-con-full e-flex e-con e-child\" data-id=\"b83a3d9\" data-element_type=\"container\" data-e-type=\"container\">\n\t\t\t\t<div class=\"elementor-element elementor-element-c4af4ac elementor-widget elementor-widget-text-editor\" data-id=\"c4af4ac\" data-element_type=\"widget\" data-e-type=\"widget\" data-widget_type=\"text-editor.default\">\n\t\t\t\t\t\t\t\t\t<h4 class=\"font-weight-bolder\"><strong>Career Changer &#8211; From Developer to UI Designer<\/strong><\/h4><p class=\"font-weight-bolder\"><strong>UI\/UX Design Fundamentals with Practical Application in the Open Source Project Bforartists<\/strong><\/p><p class=\"font-weight-bolder\"><cite>The english version of the book.<br \/>Author: Reiner Prokein<br \/><\/cite><cite><\/cite>Published: 08.12.2025<br \/>Available in EPub 2 format.\u00a0<br \/>Get it on Amazon: <span style=\"color: #0000ff;\"><a style=\"color: #0000ff;\" href=\"https:\/\/www.amazon.com\/dp\/B0G5NMCG5P\">https:\/\/www.amazon.com\/dp\/B0G5NMCG5P<\/a><br \/><\/span>Also available at many other ebook platforms.\u00a0<br \/><span style=\"color: #0000ff;\"><a style=\"color: #0000ff;\" href=\"https:\/\/books.apple.com\/us\/book\/id6756536930\">Apple<\/a><\/span>, <span style=\"color: #0000ff;\"><a style=\"color: #0000ff;\" href=\"https:\/\/www.barnesandnoble.com\/w\/x\/x?ean=2940181649750\">Barnes &amp; Noble<\/a><\/span>, <span style=\"color: #0000ff;\"><a style=\"color: #0000ff;\" href=\"https:\/\/www.everand.com\/book\/965986602\">Everand<\/a><\/span>, <span style=\"color: #0000ff;\"><a style=\"color: #0000ff;\" href=\"https:\/\/fable.co\/book\/x-9798232631024\">Fable<\/a>,<\/span> <a href=\"https:\/\/www.kobo.com\/search?query=9798232631024\"><span style=\"color: #0000ff;\">Rakuten Kobo<\/span><\/a>, <span style=\"color: #0000ff;\"><a style=\"color: #0000ff;\" href=\"https:\/\/www.smashwords.com\/books\/view\/1923844\">Smashworlds<\/a><\/span>, <span style=\"color: #0000ff;\"><a style=\"color: #0000ff;\" href=\"https:\/\/www.thalia.de\/shop\/home\/artikeldetails\/EAN9798232631024\">Tolino<\/a><\/span> and many more. <br \/>Google Play<br \/><a href=\"https:\/\/play.google.com\/store\/books\/details\/Reiner_Prokein_Career_Changer_From_Developer_to_UI?id=uUidEQAAQBAJ\">https:\/\/play.google.com\/store\/books\/details\/Reiner_Prokein_Career_Changer_From_Developer_to_UI?id=uUidEQAAQBAJ<\/a><\/p>\t\t\t\t\t\t\t\t<\/div>\n\t\t\t\t<\/div>\n\t\t\t\t\t<\/div>\n\t\t\t\t<\/div>\n\t\t<div class=\"elementor-element elementor-element-a31a389 e-flex e-con-boxed e-con e-parent\" data-id=\"a31a389\" data-element_type=\"container\" data-e-type=\"container\">\n\t\t\t\t\t<div class=\"e-con-inner\">\n\t\t\t\t<div class=\"elementor-element elementor-element-4e5110f elementor-widget elementor-widget-text-editor\" data-id=\"4e5110f\" data-element_type=\"widget\" data-e-type=\"widget\" data-widget_type=\"text-editor.default\">\n\t\t\t\t\t\t\t\t\t<p>This book explains in simple terms how developers, programmers, web designers, and even complete beginners can get started with UI\/UX design. It covers the art of designing a software interface and shows you how to put theory into practice using a long-standing open-source software project as an example.<\/p><p>The first part provides an overview of how to get started with UI\/UX design as a career changer and how to develop it further. It covers the design approaches for creating the interface of software or websites, which mistakes to avoid, and the steps required to take a UI\/UX design concept from idea to finished product.<\/p><p>The second part of the book guides you through the first development phase of the open-source 3D graphics program BforArtists. BforArtists is a fork of the well-known open-source 3D program Blender, with the goal of simplifying and improving Blender&#8217;s operation and usability. It explains how the fork came about and how its development progressed. And the individual development steps are explained using examples. From the initial idea to stable version 1.0, and then on to the UI maintenance stage.<\/p><p>This is described from the perspective of the developer and UI\/UX designer who started and implemented the Bforartists project and is also the author of this book.<\/p><p>This book is aimed at anyone new to UI\/UX design, those who want to refresh or deepen their knowledge, or those simply interested in Bforartists or UI\/UX design in general.<\/p><p>What you&#8217;ll gain:<\/p><p>First steps into UI\/UX design. A clear understanding of what UI\/UX means and why it&#8217;s important. A lot of theory and expertise\u2014the topic is complex. But also many practical steps and tips for getting from idea to finished interface. Explanations of how to make the best decision in a specific case, and why some decisions might be wrong.<\/p><p>The book also includes developer logs and concrete examples from Bforartists. These demonstrate and explain how these design decisions were implemented using existing UI\/UX principles, resulting in tangible improvements in usability. Overall, the book offers a wealth of expertise and numerous tips on how to make your own software projects more user-friendly.<\/p>\t\t\t\t\t\t\t\t<\/div>\n\t\t\t\t\t<\/div>\n\t\t\t\t<\/div>\n\t\t<div class=\"elementor-element elementor-element-9d116de e-flex e-con-boxed e-con e-parent\" data-id=\"9d116de\" data-element_type=\"container\" data-e-type=\"container\">\n\t\t\t\t\t<div class=\"e-con-inner\">\n\t\t\t\t<div class=\"elementor-element elementor-element-ed26438 elementor-widget elementor-widget-menu-anchor\" data-id=\"ed26438\" data-element_type=\"widget\" data-e-type=\"widget\" data-widget_type=\"menu-anchor.default\">\n\t\t\t\t\t\t\t<div class=\"elementor-menu-anchor\" id=\"quereinsteiger\"><\/div>\n\t\t\t\t\t\t<\/div>\n\t\t\t\t\t<\/div>\n\t\t\t\t<\/div>\n\t\t<div class=\"elementor-element elementor-element-d9133b5 e-flex e-con-boxed e-con e-parent\" data-id=\"d9133b5\" data-element_type=\"container\" data-e-type=\"container\">\n\t\t\t\t\t<div class=\"e-con-inner\">\n\t\t<div class=\"elementor-element elementor-element-5351f08 e-con-full e-flex e-con e-child\" data-id=\"5351f08\" data-element_type=\"container\" data-e-type=\"container\">\n\t\t\t\t<div class=\"elementor-element elementor-element-94be3a3 elementor-widget elementor-widget-image\" data-id=\"94be3a3\" data-element_type=\"widget\" data-e-type=\"widget\" data-widget_type=\"image.default\">\n\t\t\t\t\t\t\t\t\t\t\t\t\t\t\t<img fetchpriority=\"high\" decoding=\"async\" width=\"768\" height=\"1024\" src=\"https:\/\/haizytiles.reinerstilesets.de\/wp-content\/uploads\/2025\/12\/cover-englisch-768x1024.jpg\" class=\"attachment-large size-large wp-image-770\" alt=\"\" srcset=\"https:\/\/haizytiles.reinerstilesets.de\/wp-content\/uploads\/2025\/12\/cover-englisch-768x1024.jpg 768w, https:\/\/haizytiles.reinerstilesets.de\/wp-content\/uploads\/2025\/12\/cover-englisch-225x300.jpg 225w, https:\/\/haizytiles.reinerstilesets.de\/wp-content\/uploads\/2025\/12\/cover-englisch.jpg 900w\" sizes=\"(max-width: 768px) 100vw, 768px\" \/>\t\t\t\t\t\t\t\t\t\t\t\t\t\t\t<\/div>\n\t\t\t\t<\/div>\n\t\t<div class=\"elementor-element elementor-element-56c3bd2 e-con-full e-flex e-con e-child\" data-id=\"56c3bd2\" data-element_type=\"container\" data-e-type=\"container\">\n\t\t\t\t<div class=\"elementor-element elementor-element-da34fc3 elementor-widget elementor-widget-text-editor\" data-id=\"da34fc3\" data-element_type=\"widget\" data-e-type=\"widget\" data-widget_type=\"text-editor.default\">\n\t\t\t\t\t\t\t\t\t<h4 class=\"font-weight-bolder\"><strong>Quereinsteiger &#8211; Vom Entwickler zum UI Designer<\/strong><\/h4><p class=\"font-weight-bolder\"><strong>UI\/UX Designgrundlagen mit praktischem Einsatz im Open Source Projekt Bforartists<\/strong><\/p><p class=\"font-weight-bolder\"><cite>Die deutsche Version des Buches.<br \/>Autor: Reiner Prokein<br \/><\/cite><cite><\/cite>Ver\u00f6ffentlicht: 08.12.2025<br \/>Erh\u00e4ltlich im EPub 2 format.\u00a0<br \/>Hol es dir auf Amazon: <span style=\"color: #0000ff;\"><a style=\"color: #0000ff;\" href=\"https:\/\/www.amazon.de\/dp\/B0G5P5XB34\">https:\/\/www.amazon.de\/dp\/B0G5P5XB34<\/a><br \/><\/span>Auch verf\u00fcgbar auf vielen anderen Ebook Plattformen.\u00a0<br \/><span style=\"color: #0000ff;\"><a style=\"color: #0000ff;\" href=\"https:\/\/books.apple.com\/us\/book\/id6756544927\">Apple<\/a><\/span>, <span style=\"color: #0000ff;\"><a style=\"color: #0000ff;\" href=\"https:\/\/www.barnesandnoble.com\/w\/x\/x?ean=2940183242836\">Barnes &amp; Noble<\/a><\/span>, <span style=\"color: #0000ff;\"><a style=\"color: #0000ff;\" href=\"https:\/\/www.everand.com\/book\/966280042\">Everand<\/a><\/span>, <span style=\"color: #0000ff;\"><a style=\"color: #0000ff;\" href=\"https:\/\/fable.co\/book\/x-9798232848767\">Fable<\/a>,<\/span> <a href=\"https:\/\/www.kobo.com\/search?query=9798232848767&amp;fclanguages=all\"><span style=\"color: #0000ff;\">Rakuten Kobo<\/span><\/a>, <span style=\"color: #0000ff;\"><a style=\"color: #0000ff;\" href=\"https:\/\/www.smashwords.com\/books\/view\/1924101\">Smashworlds<\/a><\/span>, <span style=\"color: #0000ff;\"><a style=\"color: #0000ff;\" href=\"https:\/\/www.thalia.de\/shop\/home\/artikeldetails\/EAN9798232848767\">Tolino<\/a><\/span> und viele mehr. <br \/>Google Play.<br \/><a href=\"https:\/\/play.google.com\/store\/books\/details\/Reiner_Prokein_Quereinsteiger_Vom_Entwickler_zum_U?id=mMudEQAAQBAJ\">https:\/\/play.google.com\/store\/books\/details\/Reiner_Prokein_Quereinsteiger_Vom_Entwickler_zum_U?id=mMudEQAAQBAJ<\/a><\/p>\t\t\t\t\t\t\t\t<\/div>\n\t\t\t\t<\/div>\n\t\t\t\t\t<\/div>\n\t\t\t\t<\/div>\n\t\t<div class=\"elementor-element elementor-element-de09bea e-flex e-con-boxed e-con e-parent\" data-id=\"de09bea\" data-element_type=\"container\" data-e-type=\"container\">\n\t\t\t\t\t<div class=\"e-con-inner\">\n\t\t\t\t<div class=\"elementor-element elementor-element-7e14683 elementor-widget elementor-widget-text-editor\" data-id=\"7e14683\" data-element_type=\"widget\" data-e-type=\"widget\" data-widget_type=\"text-editor.default\">\n\t\t\t\t\t\t\t\t\t<p>Dieses Buch erkl\u00e4rt in einfachen Worten wie man sich als Entwickler, Programmierer, Webdesigner oder auch absoluter Anf\u00e4nger in das Thema UI UX Design einarbeitet. Die Kunst der Gestaltung einer Softwareoberfl\u00e4che. Und es zeigt dir anhand eines langj\u00e4hrigen Open Source Software Projekts, wie man die Theorie in die Praxis umsetzen kann.<\/p><p>Im ersten Teil bekommst du einen \u00dcberblick dar\u00fcber wie man als Quereinsteiger in das Thema UI UX Design einsteigt, anf\u00e4ngt und es weiterverfolgt. Welche Designans\u00e4tze es gibt um die Oberfl\u00e4che einer Software, oder auch einer Webseite, zu gestalten. Welche Fehler man besser vermeidet. Und welche Schritte n\u00f6tig sind, um ein UI UX Design Konzept von der Idee bis zum fertigen Produkt zu bringen.<\/p><p>Der zweite Teil des Buches f\u00fchrt dich durch die erste Entwicklungsphase des Open\u2011Source 3D Grafikprogramms BforArtists. Bforartists ist ein Fork des bekannten Open Source 3D Programms Blender, mit dem Ziel die Bedienung und Nutzung von Blender zu vereinfachen und zu verbessern. Es wird erl\u00e4utert wie es \u00fcberhaupt zu dem Fork kam. Wie die Entwicklung verlief. Und es werden die einzelnen Entwicklungsschritte anhand von Beispielen erkl\u00e4rt. Von der Idee bis zur stabilen Version 1.0. Und dann weiter ins Stadium der UI Pflege.<\/p><p>Beschrieben wird das aus Sicht des Entwicklers und UI\/UX\u2011Designers der das Projekt Bforartists gestartet und umgesetzt hat. Und der hier auch der Buchautor ist.<\/p><p>Das Buch richtet sich an alle, die neu im Bereich UI\/UX Design sind, ihre Kenntnisse im UI UX Design auffrischen oder vertiefen wollen. Oder auch einfach nur am Thema Bforartists oder UI UX Design interessiert sind.<\/p><p>Was du mitnimmst:<\/p><p>Erste Schritte in den Einstieg ins UI UX Design. Ein klares Bild davon, was UI\/UX bedeutet und warum es wichtig ist. Viel Theorie, viel Fachwissen, das Thema ist komplex. Aber auch viele praktische Schritte und Tipps, um von der Idee zur fertigen Oberfl\u00e4che zu gelangen. Erkl\u00e4rungen wie man im konkreten Fall die beste Entscheidung trifft. Und wieso manche Entscheidungen auch falsch sein k\u00f6nnen.<\/p><p>Das Buch enth\u00e4lt auch die Entwicklerlogs und konkrete Beispiele aus Bforartists. Sie zeigen und erkl\u00e4ren, wie diese Designentscheidungen anhand der bestehenden UI UX Regeln umgesetzt wurden, und zu einer konkreten Verbesserung der Bedienbarkeit gef\u00fchrt haben. Alles in allem enth\u00e4lt das Buch sehr viel Fachwissen und sehr viele Tipps, wie du deine eigenen Software Projekte benutzerfreundlicher machen kannst.<\/p>\t\t\t\t\t\t\t\t<\/div>\n\t\t\t\t\t<\/div>\n\t\t\t\t<\/div>\n\t\t\t\t<\/div>\n\t\t","protected":false},"excerpt":{"rendered":"<p>This section is about my e-books Career Changer &#8211; From Developer to UI Designer UI\/UX Design Fundamentals with Practical Application in the Open Source Project Bforartists The english version of the book.Author: Reiner ProkeinPublished: 08.12.2025Available in EPub 2 format.\u00a0Get it on Amazon: https:\/\/www.amazon.com\/dp\/B0G5NMCG5PAlso available at many other ebook platforms.\u00a0Apple, Barnes &amp; Noble, Everand, Fable, Rakuten [&hellip;]<\/p>\n","protected":false},"author":1,"featured_media":0,"parent":0,"menu_order":0,"comment_status":"closed","ping_status":"closed","template":"","meta":{"footnotes":""},"class_list":["post-793","page","type-page","status-publish","hentry"],"_links":{"self":[{"href":"https:\/\/haizytiles.reinerstilesets.de\/index.php\/wp-json\/wp\/v2\/pages\/793","targetHints":{"allow":["GET"]}}],"collection":[{"href":"https:\/\/haizytiles.reinerstilesets.de\/index.php\/wp-json\/wp\/v2\/pages"}],"about":[{"href":"https:\/\/haizytiles.reinerstilesets.de\/index.php\/wp-json\/wp\/v2\/types\/page"}],"author":[{"embeddable":true,"href":"https:\/\/haizytiles.reinerstilesets.de\/index.php\/wp-json\/wp\/v2\/users\/1"}],"replies":[{"embeddable":true,"href":"https:\/\/haizytiles.reinerstilesets.de\/index.php\/wp-json\/wp\/v2\/comments?post=793"}],"version-history":[{"count":28,"href":"https:\/\/haizytiles.reinerstilesets.de\/index.php\/wp-json\/wp\/v2\/pages\/793\/revisions"}],"predecessor-version":[{"id":937,"href":"https:\/\/haizytiles.reinerstilesets.de\/index.php\/wp-json\/wp\/v2\/pages\/793\/revisions\/937"}],"wp:attachment":[{"href":"https:\/\/haizytiles.reinerstilesets.de\/index.php\/wp-json\/wp\/v2\/media?parent=793"}],"curies":[{"name":"wp","href":"https:\/\/api.w.org\/{rel}","templated":true}]}}